{"id":519,"date":"2024-05-13T21:53:56","date_gmt":"2024-05-13T19:53:56","guid":{"rendered":"https:\/\/sokowireless.net\/wordpress\/?page_id=519"},"modified":"2025-02-06T11:51:32","modified_gmt":"2025-02-06T09:51:32","slug":"cenovnik","status":"publish","type":"page","link":"https:\/\/sokowireless.net\/wordpress\/cenovnik\/","title":{"rendered":"Cenovnik"},"content":{"rendered":"\n<h2 class=\"wp-block-heading\">Instalacija opreme<\/h2>\n\n\n\n<figure class=\"wp-block-table is-style-regular\"><table><thead><tr><td>Instalacija u zgradi ili ku\u0107i<\/td><td>Povla\u0161\u0107ena cena*<\/td><td>Cena<\/td><td>Ugovorna obaveza<\/td><\/tr><\/thead><tbody><tr><td>&nbsp;&nbsp;Be\u017ei\u010dni priklju\u010dak (Wireless)<\/td><td>1 Din.<\/td><td><em>10.000 Din.<\/em><\/td><td>24 meseca<\/td><\/tr><tr><td>&nbsp;&nbsp;OPTI\u010cKI PRIKLJU\u010cAK<\/td><td>1 Din.<\/td><td><em>12.000 Din.<\/em><\/td><td>24 meseca<\/td><\/tr><tr><td> Generalni priklju\u010dak<\/td><td>1 Din.<\/td><td> <em>8.000 Din<\/em><\/td><td>24 meseca<\/td><\/tr><\/tbody><\/table><\/figure>\n\n\n\n<h2 class=\"wp-block-heading\">&nbsp;Televizija<\/h2>\n\n\n\n<figure class=\"wp-block-table\"><table><thead><tr><td>Paket<\/td><td>Povla\u0161\u0107ena cena*<\/td><td>Cena<\/td><td>Ugovorna obaveza<\/td><\/tr><\/thead><tbody><tr><td>&nbsp;&nbsp;KABLOVSKA TELEVIZIJA<\/td><td><strong>1.599 Din.<\/strong><\/td><td><em>2.499 Din.<\/em><\/td><td>24 meseca<\/td><\/tr><tr><td>&nbsp;&nbsp;KABLOVSKA TV ZA PENZIONERE<\/td><td><strong>1.399 Din.<\/strong><\/td><td><em>2.399 Din.<\/em><\/td><td>24 meseca<\/td><\/tr><\/tbody><\/table><\/figure>\n\n\n\n<p>*&nbsp;<small>Cena uz ugovornu obavezu i elektronsku dostavu ra\u010duna. Otprema papirnog ra\u010duna po\u0161tom iznosi 50 dinara<\/small><\/p>\n\n\n\n<h2 class=\"wp-block-heading\">&nbsp;Opti\u010dki i be\u017ei\u010dni internet <small>(fizi\u010dka lica &#8211; individualni priklju\u010dak)<\/small><\/h2>\n\n\n\n<figure class=\"wp-block-table\"><table><thead><tr><td>Paket<\/td><td>Brzina<\/td><td>Povla\u0161\u0107ena cena*<\/td><td>Cena<\/td><td>Ugovorna obaveza<\/td><\/tr><\/thead><tbody><tr><td>&nbsp;&nbsp;FIBER Gold 100<\/td><td>100\/ 50Mbps<\/td><td><strong>2.399 Din.<\/strong><\/td><td><em>2.799 Din.<\/em><\/td><td>24 meseca<\/td><\/tr><tr><td>&nbsp;&nbsp;FIBER Platinum 100<\/td><td>100\/100Mbps<\/td><td><strong>2.699 Din.<\/strong><\/td><td><em>3.099 Din.<\/em><\/td><td>24 meseca<\/td><\/tr><tr><td>&nbsp;&nbsp;FIBER Super 200<\/td><td>200\/100Mbps<\/td><td><strong>2.999 Din.<\/strong><\/td><td><em>3.399 Din.<\/em><\/td><td>24 meseca<\/td><\/tr><tr><td>&nbsp;&nbsp;FIBER ULTRA 200<\/td><td>200\/200Mbps<\/td><td><strong>3.299 Din.<\/strong><\/td><td><em>3.699 Din.<\/em><\/td><td>24 meseca<\/td><\/tr><tr><td>&nbsp;&nbsp;FLAT 20 WiFi<\/td><td>20\/  5 Mbps<\/td><td><strong>1.700 Din.<\/strong><\/td><td><em>2.100 Din.<\/em><\/td><td>24 meseca<\/td><\/tr><tr><td>&nbsp;&nbsp;FLAT 30 WiFi<\/td><td>30\/  6 Mbps<\/td><td><strong>1.900 Din.<\/strong><\/td><td><em>2.300 Din.<\/em><\/td><td>24 meseca<\/td><\/tr><tr><td>  FLAT 50 WiFi<\/td><td>50\/10 Mbps<\/td><td><strong>2.200 Din.<\/strong><\/td><td><em>2.500 Din.<\/em><\/td><td>24 meseca<\/td><\/tr><\/tbody><\/table><\/figure>\n\n\n\n<p>*&nbsp;<small>Cena uz ugovornu obavezu i elektronsku dostavu ra\u010duna. Otprema papirnog ra\u010duna po\u0161tom iznosi 50 dinara<\/small>. <\/p>\n\n\n\n<h2 class=\"wp-block-heading\">&nbsp;&nbsp;DUO paketi<\/h2>\n\n\n\n<figure class=\"wp-block-table\"><table><thead><tr><td>Paket<\/td><td>Brzina<\/td><td>Povla\u0161\u0107ena cena*<\/td><td>Cena<\/td><td>Ugovorna obaveza<\/td><\/tr><\/thead><tbody><tr><td>&nbsp;&nbsp;DUO Gold 100 \u2013 internet + televizija<\/td><td>100\/ 50Mbps<\/td><td><strong>3.699 Din.<\/strong><\/td><td>4.199 Din.<\/td><td>24 meseca<\/td><\/tr><tr><td>&nbsp;&nbsp;DUO Platinum 100 \u2013 internet + televizija<\/td><td>100\/100Mbps<\/td><td><strong>3.999 Din.<\/strong><\/td><td>4.399 Din.<\/td><td>24 meseca<\/td><\/tr><tr><td>&nbsp;&nbsp;DUO Super 200 \u2013 internet + televizija<\/td><td>200\/100Mbps<\/td><td><strong>4.299 Din.<\/strong><\/td><td>4.699 Din.<\/td><td>24 meseca<\/td><\/tr><tr><td>&nbsp;&nbsp;DUO ULTRA 200 \u2013 internet + televizija<\/td><td>200\/200Mbps<\/td><td><strong>4.599 Din.<\/strong><\/td><td>4.999 Din.<\/td><td>24 meseca<\/td><\/tr><\/tbody><\/table><\/figure>\n\n\n\n<p>*&nbsp;<small>Cena uz ugovornu obavezu i elektronsku dostavu ra\u010duna. Otprema papirnog ra\u010duna po\u0161tom iznosi 50 dinara<\/small><\/p>\n\n\n\n<h2 class=\"wp-block-heading\">&nbsp;&nbsp;Ostale usluge i oprema<\/h2>\n\n\n\n<figure class=\"wp-block-table\"><table><tbody><tr><td>Oprema \/ usluga<\/td><td>kom \/ radni sat<\/td><td>Cena za korisnike<\/td><\/tr><tr><td>Demonta\u017ea opreme po raskidu ugovora<\/td><td>1<\/td><td>2.500 Din.<\/td><\/tr><tr><td>Izlazak na teren i rad do 15 minuta<\/td><td>1<\/td><td>1.500 Din.<\/td><\/tr><tr><td>Zapo\u010det radni sat na terenu, nakon 15 minuta<\/td><td>1h<\/td><td>2.000 Din.<\/td><\/tr><tr><td>Standardni ruter (2.4GHz) Tenda, Cudy, TP-Link, Netis<br>uz pode\u0161avanje za ku\u0107ni WiFi i pristup SFT-SW mre\u017ei<\/td><td>1<\/td><td>3.200 Din.<\/td><\/tr><tr><td>Gigabitni i\/ili 5GHz ruter<\/td><td>1<\/td><td>6.500 Din.<\/td><\/tr><tr><td>Splajs (povezivanje) opti\u010dkog kabla kod korisnika<\/td><td>1<\/td><td>2.000 Din.<\/td><\/tr><tr><td>Fiksna (stati\u010dka) javna IP adresa<\/td><td>1<\/td><td>   600 Din.<\/td><\/tr><\/tbody><\/table><\/figure>\n","protected":false},"excerpt":{"rendered":"<p>Instalacija opreme Instalacija u zgradi ili ku\u0107i Povla\u0161\u0107ena cena* Cena Ugovorna obaveza &nbsp;&nbsp;Be\u017ei\u010dni priklju\u010dak (Wireless) 1 Din. 10.000 Din. 24 meseca &nbsp;&nbsp;OPTI\u010cKI PRIKLJU\u010cAK 1 Din. 12.000 Din. 24 meseca Generalni priklju\u010dak 1 Din. 8.000 Din 24 meseca &nbsp;Televizija Paket Povla\u0161\u0107ena cena* Cena Ugovorna obaveza &nbsp;&nbsp;KABLOVSKA TELEVIZIJA 1.599 Din. 2.499 Din. 24 meseca &nbsp;&nbsp;KABLOVSKA TV ZA&#8230;<\/p>\n","protected":false},"author":1,"featured_media":0,"parent":0,"menu_order":0,"comment_status":"closed","ping_status":"closed","template":"","meta":{"_kadence_starter_templates_imported_post":false,"_kad_post_transparent":"","_kad_post_title":"","_kad_post_layout":"","_kad_post_sidebar_id":"","_kad_post_content_style":"","_kad_post_vertical_padding":"","_kad_post_feature":"","_kad_post_feature_position":"","_kad_post_header":false,"_kad_post_footer":false,"footnotes":""},"class_list":["post-519","page","type-page","status-publish","hentry"],"_links":{"self":[{"href":"https:\/\/sokowireless.net\/wordpress\/wp-json\/wp\/v2\/pages\/519","targetHints":{"allow":["GET"]}}],"collection":[{"href":"https:\/\/sokowireless.net\/wordpress\/wp-json\/wp\/v2\/pages"}],"about":[{"href":"https:\/\/sokowireless.net\/wordpress\/wp-json\/wp\/v2\/types\/page"}],"author":[{"embeddable":true,"href":"https:\/\/sokowireless.net\/wordpress\/wp-json\/wp\/v2\/users\/1"}],"replies":[{"embeddable":true,"href":"https:\/\/sokowireless.net\/wordpress\/wp-json\/wp\/v2\/comments?post=519"}],"version-history":[{"count":9,"href":"https:\/\/sokowireless.net\/wordpress\/wp-json\/wp\/v2\/pages\/519\/revisions"}],"predecessor-version":[{"id":553,"href":"https:\/\/sokowireless.net\/wordpress\/wp-json\/wp\/v2\/pages\/519\/revisions\/553"}],"wp:attachment":[{"href":"https:\/\/sokowireless.net\/wordpress\/wp-json\/wp\/v2\/media?parent=519"}],"curies":[{"name":"wp","href":"https:\/\/api.w.org\/{rel}","templated":true}]}}