{"id":59,"date":"2019-07-28T22:28:49","date_gmt":"2019-07-28T20:28:49","guid":{"rendered":"http:\/\/sokowireless.net\/wordpress\/?page_id=59"},"modified":"2025-02-06T12:42:36","modified_gmt":"2025-02-06T10:42:36","slug":"docs","status":"publish","type":"page","link":"https:\/\/sokowireless.net\/wordpress\/docs\/","title":{"rendered":"Dokumenta(cija)"},"content":{"rendered":"\n<p>Na ovoj stranici mo\u017eete na\u0107i trenutne verzije i arhivu dokumenata SokoFiber Telekom \/ SokoWireless.NET! Internet provajdera (model korisni\u010dkog Ugovora, Op\u0161te uslove Ugovora, Cenovnike, itd&#8230;)<\/p>\n\n\n\n<div class=\"wp-block-file\"><a id=\"wp-block-file--media-b609585a-bffd-4ac2-bc04-e729a1939cb0\" href=\"https:\/\/sokowireless.net\/wordpress\/wp-content\/uploads\/2024\/04\/240419-SokoFIBER-Opsti-uslovi.pdf\">240419 SokoFIBER &#8211; Op\u0161ti uslovi 19.4.2024<\/a><\/div>\n\n\n\n<div class=\"wp-block-file\"><a href=\"https:\/\/sokowireless.net\/wordpress\/wp-content\/uploads\/2019\/07\/Op\u0161ti-uslovi-pru\u017eanja-elektronskih-komunikacionih-usluga.pdf\" target=\"_blank\" rel=\"noreferrer noopener\">Op\u0161ti-uslovi-pru\u017eanja-elektronskih-komunikacionih-usluga -stari- 1.1.2019.<\/a><\/div>\n\n\n\n<div class=\"wp-block-file\"><a href=\"https:\/\/sokowireless.net\/wordpress\/wp-content\/uploads\/2025\/02\/Cenovnik-2024-25.pdf\">Cenovnik OPTIKA 2024-25<\/a><\/div>\n\n\n\n<div class=\"wp-block-file\"><a href=\"https:\/\/sokowireless.net\/wordpress\/wp-content\/uploads\/2019\/08\/wifi-5g.png\">Cenovnik Internet &#8211; 5GHz WiFi pristup &#8211; stari<\/a><\/div>\n\n\n\n<div class=\"wp-block-file\"><a href=\"https:\/\/sokowireless.net\/wordpress\/wp-content\/uploads\/2019\/08\/optika.jpg\">Cenovnik Internet &#8211; Optika (FTTx) &#8211; stari<\/a><\/div>\n\n\n\n<div class=\"wp-block-file\"><a id=\"wp-block-file--media-4ac1ad84-d447-4df4-b12a-07e990278341\" href=\"https:\/\/sokowireless.net\/wordpress\/wp-content\/uploads\/2024\/04\/Zahtev-za-zakljucenje-korisnickog-ugovora-o-pruzanju-elektronskih-komunikacionih-usluga.pdf\">Zahtev za zaklju\u010denje korisni\u010dkog ugovora o pru\u017eanju elektronskih komunikacionih usluga &#8211; blanko<\/a><\/div>\n\n\n\n<div class=\"wp-block-file\"><a id=\"wp-block-file--media-74022b17-8080-499c-81e1-2e34bd03c5e7\" href=\"https:\/\/sokowireless.net\/wordpress\/wp-content\/uploads\/2024\/04\/Korisnicki-ugovor-24M-o-pruzanju-elektronskih-komunikacionih-usluga.pdf\">Korisni\u010dki ugovor 24M o pru\u017eanju elektronskih komunikacionih usluga &#8211; model<\/a><\/div>\n\n\n\n<div class=\"wp-block-file\"><a id=\"wp-block-file--media-f1f4b24a-8adc-45da-9366-118cba7b20e6\" href=\"https:\/\/sokowireless.net\/wordpress\/wp-content\/uploads\/2024\/04\/240415-SokoFIBER-pravilnik-resavanje-reklamacija.pdf\">Pravilnik o re\u0161avanju reklamacija<\/a><\/div>\n\n\n\n<div class=\"wp-block-file\"><a id=\"wp-block-file--media-e73e6429-2943-450b-bb12-58955ee2875e\" href=\"https:\/\/sokowireless.net\/wordpress\/wp-content\/uploads\/2024\/04\/240415-SokoFIBER-odluka-komisija-reklamacije.pdf\">Odluka o obrazovanju komisije za re\u0161avanje reklamacija potro\u0161a\u010da<\/a><\/div>\n\n\n\n<div class=\"wp-block-file\"><a id=\"wp-block-file--media-f640b729-ec95-4744-b681-f4393b57c988\" href=\"https:\/\/sokowireless.net\/wordpress\/wp-content\/uploads\/2024\/04\/240415-SokoFIBER-odluka-Savetodavno-telo.pdf\">Odluka o obrazovanju Savetodavnog tela<\/a><\/div>\n\n\n\n<div class=\"wp-block-file\"><a id=\"wp-block-file--media-0ff72be3-8ae1-4f85-b153-ccd3983c56e1\" href=\"https:\/\/sokowireless.net\/wordpress\/wp-content\/uploads\/2024\/04\/Obavestenje-o-obradi-podataka-o-licnosti.pdf\">Obave\u0161tenje-o-obradi-podataka-o-li\u010dnosti<\/a><\/div>\n\n\n\n<div class=\"wp-block-file\"><a id=\"wp-block-file--media-4cd76e88-9535-4f9d-b561-aa1c8260c766\" href=\"https:\/\/sokowireless.net\/wordpress\/wp-content\/uploads\/2024\/04\/Odluka-o-formiranju-grupe-ugrozeni-potrosac.pdf\">Odluka o formiranju grupe &#8211; ugro\u017eeni potro\u0161a\u010d<\/a><\/div>\n\n\n\n<p><\/p>\n","protected":false},"excerpt":{"rendered":"<p>Na ovoj stranici mo\u017eete na\u0107i trenutne verzije i arhivu dokumenata SokoFiber Telekom \/ SokoWireless.NET! Internet provajdera (model korisni\u010dkog Ugovora, Op\u0161te uslove Ugovora, Cenovnike, itd&#8230;)<\/p>\n","protected":false},"author":1,"featured_media":0,"parent":0,"menu_order":0,"comment_status":"closed","ping_status":"closed","template":"page-templates\/full-width.php","meta":{"_kadence_starter_templates_imported_post":false,"_kad_post_transparent":"","_kad_post_title":"","_kad_post_layout":"","_kad_post_sidebar_id":"","_kad_post_content_style":"","_kad_post_vertical_padding":"","_kad_post_feature":"","_kad_post_feature_position":"","_kad_post_header":false,"_kad_post_footer":false,"footnotes":""},"class_list":["post-59","page","type-page","status-publish","hentry"],"_links":{"self":[{"href":"https:\/\/sokowireless.net\/wordpress\/wp-json\/wp\/v2\/pages\/59","targetHints":{"allow":["GET"]}}],"collection":[{"href":"https:\/\/sokowireless.net\/wordpress\/wp-json\/wp\/v2\/pages"}],"about":[{"href":"https:\/\/sokowireless.net\/wordpress\/wp-json\/wp\/v2\/types\/page"}],"author":[{"embeddable":true,"href":"https:\/\/sokowireless.net\/wordpress\/wp-json\/wp\/v2\/users\/1"}],"replies":[{"embeddable":true,"href":"https:\/\/sokowireless.net\/wordpress\/wp-json\/wp\/v2\/comments?post=59"}],"version-history":[{"count":13,"href":"https:\/\/sokowireless.net\/wordpress\/wp-json\/wp\/v2\/pages\/59\/revisions"}],"predecessor-version":[{"id":552,"href":"https:\/\/sokowireless.net\/wordpress\/wp-json\/wp\/v2\/pages\/59\/revisions\/552"}],"wp:attachment":[{"href":"https:\/\/sokowireless.net\/wordpress\/wp-json\/wp\/v2\/media?parent=59"}],"curies":[{"name":"wp","href":"https:\/\/api.w.org\/{rel}","templated":true}]}}